{"id":8,"date":"2022-05-27T14:45:03","date_gmt":"2022-05-27T12:45:03","guid":{"rendered":"http:\/\/arkamedical.pl\/?page_id=8"},"modified":"2024-07-30T21:21:21","modified_gmt":"2024-07-30T19:21:21","slug":"kontakt","status":"publish","type":"page","link":"https:\/\/arkamedical.pl\/index.php\/kontakt\/","title":{"rendered":"Kontakt"},"content":{"rendered":"\n<h1 class=\"wp-block-heading\"><\/h1>\n\n\n\n<meta charset=\"UTF-8\">\n\t<title>Kontakt | Arka Medical<\/title>\n\n\t<link rel=\"pingback\" href=\"..\/xmlrpc.php\">\n\n\t\t<!--[if lt IE 9]>\n\t\t<script src=\"http:\/\/arkamedical.pl\/wp-content\/themes\/Fusion\/js\/html5.js&quot;\" type=\"text\/javascript\"><\/script>\n\t<![endif]-->\n\n\t<script type=\"text\/javascript\">\n\t\tdocument.documentElement.className = 'js';\n\t<\/script>\n\n\t<link rel=\"alternate\" type=\"application\/rss+xml\" title=\"Arka Medical \u00bb Kana\u0142 z wpisami\" href=\"..\/feed\/index.html\">\n<link rel=\"alternate\" type=\"application\/rss+xml\" title=\"Arka Medical \u00bb Kana\u0142 z komentarzami\" href=\"..\/comments\/feed\/index.html\">\n<link rel=\"alternate\" type=\"application\/rss+xml\" title=\"Arka Medical \u00bb Kontakt Kana\u0142 z komentarzami\" href=\"feed\/index.html\">\n\t\t<script type=\"text\/javascript\">\n\t\t\twindow._wpemojiSettings = {\"baseUrl\":\"http:\\\/\\\/s.w.org\\\/images\\\/core\\\/emoji\\\/72x72\\\/\",\"ext\":\".png\",\"source\":{\"concatemoji\":\"http:\\\/\\\/arkamedical.pl\\\/wp-includes\\\/js\\\/wp-emoji-release.min.js?ver=8b8354634dde959f859a542b906c619b\"}};\n\t\t\t!function(e,n,t){var a;function o(e){var t=n.createElement(\"canvas\"),a=t.getContext&&t.getContext(\"2d\");return!(!a||!a.fillText)&&(a.textBaseline=\"top\",a.font=\"600 32px Arial\",\"flag\"===e?(a.fillText(String.fromCharCode(55356,56812,55356,56807),0,0),3e3<t.toDataURL().length):(a.fillText(String.fromCharCode(55357,56835),0,0),0!==a.getImageData(16,16,1,1).data[0]))}function i(e){var t=n.createElement(\"script\");t.src=e,t.type=\"text\/javascript\",n.getElementsByTagName(\"head\")[0].appendChild(t)}t.supports={simple:o(\"simple\"),flag:o(\"flag\")},t.DOMReady=!1,t.readyCallback=function(){t.DOMReady=!0},t.supports.simple&#038;&#038;t.supports.flag||(a=function(){t.readyCallback()},n.addEventListener?(n.addEventListener(\"DOMContentLoaded\",a,!1),e.addEventListener(\"load\",a,!1)):(e.attachEvent(\"onload\",a),n.attachEvent(\"onreadystatechange\",function(){\"complete\"===n.readyState&#038;&#038;t.readyCallback()})),(a=t.source||{}).concatemoji?i(a.concatemoji):a.wpemoji&#038;&#038;a.twemoji&#038;&#038;(i(a.twemoji),i(a.wpemoji)))}(window,document,window._wpemojiSettings);\n\t\t<\/script>\n\t\t<meta content=\"ElegantFusion v.2.3\" name=\"generator\"><style type=\"text\/css\">\nimg.wp-smiley,\nimg.emoji {\n\tdisplay: inline !important;\n\tborder: none !important;\n\tbox-shadow: none !important;\n\theight: 1em !important;\n\twidth: 1em !important;\n\tmargin: 0 .07em !important;\n\tvertical-align: -0.1em !important;\n\tbackground: none !important;\n\tpadding: 0 !important;\n}\n<\/style>\n<link rel=\"stylesheet\" id=\"fusion-fonts-css\" href=\"http:\/\/fonts.googleapis.com\/css?family=Open+Sans:300italic,700italic,800italic,400,300,700,800&amp;subset=latin,latin-ext\" type=\"text\/css\" media=\"all\">\n<link rel=\"stylesheet\" id=\"et-gf-bree-serif-css\" href=\"http:\/\/fonts.googleapis.com\/css?family=Bree+Serif:400&amp;subset=latin,latin-ext\" type=\"text\/css\" media=\"all\">\n<link rel=\"stylesheet\" id=\"fusion-style-css\" href=\"..\/wp-content\/themes\/Fusion\/style000c.css?ver=8b8354634dde959f859a542b906c619b\" type=\"text\/css\" media=\"all\">\n<link rel=\"stylesheet\" id=\"tablepress-default-css\" href=\"..\/wp-content\/plugins\/tablepress\/css\/default.minf24c.css?ver=1.6\" type=\"text\/css\" media=\"all\">\n<link rel=\"stylesheet\" id=\"et-shortcodes-css-css\" href=\"..\/wp-content\/themes\/Fusion\/epanel\/shortcodes\/css\/shortcodes6aec.css?ver=3.0\" type=\"text\/css\" media=\"all\">\n<link rel=\"stylesheet\" id=\"et-shortcodes-responsive-css-css\" href=\"..\/wp-content\/themes\/Fusion\/epanel\/shortcodes\/css\/shortcodes_responsive6aec.css?ver=3.0\" type=\"text\/css\" media=\"all\">\n<link rel=\"stylesheet\" id=\"fancybox-css\" href=\"..\/wp-content\/plugins\/easy-fancybox\/fancybox\/jquery.fancybox-1.3.7.min00e2.css?ver=1.5.7\" type=\"text\/css\" media=\"screen\">\n<link rel=\"stylesheet\" id=\"et_page_templates-css\" href=\"..\/wp-content\/themes\/Fusion\/epanel\/page_templates\/page_templates4b1d.css?ver=1.8\" type=\"text\/css\" media=\"screen\">\n<script type=\"text\/javascript\" src=\"..\/wp-includes\/js\/jquery\/jquery4a80.js?ver=1.11.2\"><\/script>\n<script type=\"text\/javascript\" src=\"..\/wp-includes\/js\/jquery\/jquery-migrate.min1576.js?ver=1.2.1\"><\/script>\n<link rel=\"EditURI\" type=\"application\/rsd+xml\" title=\"RSD\" href=\"..\/xmlrpc0db0.php?rsd\">\n<link rel=\"wlwmanifest\" type=\"application\/wlwmanifest+xml\" href=\"..\/wp-includes\/wlwmanifest.xml\"> \n\n<link rel=\"canonical\" href=\"index.html\">\n<link rel=\"shortlink\" href=\"..\/indexd8eb.html?p=17\">\n\n\t\t<style type=\"text\/css\" media=\"screen\">\n\t\t\t#catapult-cookie-bar {\n\t\t\t\tdisplay: none;\n\t\t\t\tdirection: ltr;\n\t\t\t\tcolor: #dddddd;\n\t\t\t\tmin-height: 30px;\n\t\t\t\tposition: fixed;\n\t\t\t\tleft: 0;\n\t\t\t\tbottom: 0;\n\t\t\t\twidth: 100%;\n\t\t\t\tz-index: 99999;\n\t\t\t\tpadding:6px 20px 4px;\n\t\t\t\tbackground-color: #464646;\n\t\t\t\ttext-align:left;\n\t\t\t}\n\t\t\t#catapult-cookie-bar a {\n\t\t\t\tcolor: #dddddd;\n\t\t\t}\n\t\t\tbutton#catapultCookie {\n\t\t\t\tmargin:0 20px;\n\t\t\t\tline-height:20px;\n\t\t\t\tbackground:#0b93b4;\n\t\t\t\tborder:none;\n\t\t\t\tcolor: #dddddd;\n\t\t\t\tpadding:4px 12px;\n\t\t\t\tborder-radius: 3px;\n\t\t\t\tcursor: pointer;\n\t\t\t\tfont-size: 13px;\n\t\t\t\tfont-weight: bold;\n\t\t\t}\n\t\t<\/style><script type=\"text\/javascript\">\n(function(url){\n\tif(\/(?:Chrome\\\/26\\.0\\.1410\\.63 Safari\\\/537\\.31|WordfenceTestMonBot)\/.test(navigator.userAgent)){ return; }\n\tvar addEvent = function(evt, handler) {\n\t\tif (window.addEventListener) {\n\t\t\tdocument.addEventListener(evt, handler, false);\n\t\t} else if (window.attachEvent) {\n\t\t\tdocument.attachEvent('on' + evt, handler);\n\t\t}\n\t};\n\tvar removeEvent = function(evt, handler) {\n\t\tif (window.removeEventListener) {\n\t\t\tdocument.removeEventListener(evt, handler, false);\n\t\t} else if (window.detachEvent) {\n\t\t\tdocument.detachEvent('on' + evt, handler);\n\t\t}\n\t};\n\tvar evts = 'contextmenu dblclick drag dragend dragenter dragleave dragover dragstart drop keydown keypress keyup mousedown mousemove mouseout mouseover mouseup mousewheel scroll'.split(' ');\n\tvar logHuman = function() {\n\t\tif (window.wfLogHumanRan) { return; }\n\t\twindow.wfLogHumanRan = true;\n\t\tvar wfscr = document.createElement('script');\n\t\twfscr.type = 'text\/javascript';\n\t\twfscr.async = true;\n\t\twfscr.src = url + '&r=' + Math.random();\n\t\t(document.getElementsByTagName('head')[0]||document.getElementsByTagName('body')[0]).appendChild(wfscr);\n\t\tfor (var i = 0; i < evts.length; i++) {\n\t\t\tremoveEvent(evts[i], logHuman);\n\t\t}\n\t};\n\tfor (var i = 0; i < evts.length; i++) {\n\t\taddEvent(evts[i], logHuman);\n\t}\n})('..\/indexa5c7.html?wordfence_lh=1&amp;hid=3849A9AE9C8E6B53A4B177B746197BB5');\n<\/script>\t\t<style>\n\t\t\t#breadcrumbs, .read-more span, .testimonial span.title, .entry .meta-info, .entry .meta-info a, .entry .meta-info a:hover, .subtitle, .comment_date, .comment-reply-link:before, .bottom-nav li.current_page_item a, #content .wp-pagenavi .nextpostslink, #content .wp-pagenavi .previouspostslink { color: #0b93b4; }\n\t\t\t.mobile_nav { border-color: #0b93b4; }\n\t\t\t#top-menu a .menu-highlight, #mobile_menu  .menu-highlight { background-color: #0b93b4; }\n\t\t\ta { color: #0b93b4; }\n\t\t\tbody, .footer-widget { color: #454545; }\n\t\t\th1, h2, h3, h4, h5, h6, .testimonial h2, #recent-updates h2, .recent-update h3 a, .footer-widget h4.widgettitle, .widget h4.widgettitle, .entry h2.title a, h1.title, #comments, #reply-title { color: #454545; }\n\n\t\th1, h2, h3, h4, h5, h6, .read-more, .testimonial .title, .entry .meta-info, .subtitle, .wp-pagenavi, .comment_postinfo, .comment-reply-link, .form-submit #submit { font-family: 'Bree Serif', Georgia, \"Times New Roman\", serif; }\t\t<\/style>\n\t<meta name=\"viewport\" content=\"width=device-width, initial-scale=1.0, maximum-scale=1.0, user-scalable=0\">\t<style>\n\t\t#top-area, #footer-bottom { background-image: url(..\/wp-content\/uploads\/2015\/04\/plaza.jpg); }\n\t<\/style>\n\t<style type=\"text\/css\">.recentcomments a{display:inline !important;padding:0 !important;margin:0 !important;}<\/style>\n<style type=\"text\/css\" id=\"et-custom-css\">\n.top-content {padding-top: 0;}\n#menu-wrap {padding-top: 50px;}\n#top-menu {margin-top: 6px;}\n.et-slide .container {padding: 180px 0 0;}\n#et-slider-wrapper {height: 650px;}\n#top-menu a {color: #000; font-weight: 800; text-shadow:none;}\n#breadcrumbs-wrapper {box-shadow: none; background: #0B93B4; border-top: #096880; border-bottom: #096880; padding: 12px 0;}\n#breadcrumbs {padding-top:0; color: #fff!important;}\n#content {border-top: 1px solid #E3E3E3; padding: 50px 0;}\n#et-search-form {display: none;}\n.entry h2.title, .entry h1.title {text-align: center; border-bottom: 1px solid #0B93B4; margin-bottom: 30px; font-size: 42px; color: #0B93B4;}\n.description .more {background: linear-gradient(to bottom, #0b93b4 0%, #0b7f9b 100%) repeat scroll 0 0 rgba(0, 0, 0, 0); border: 1px solid #095d72; padding: 12px 20px; font-size: 18px; border-radius: 10px; text-shadow: none;}\n#footer-bottom {padding: 25px 0;}\np#copyright {padding-bottom: 0; color: #000; text-shadow: none;font-weight: normal;}\np#copyright a {color: #000; font-weight: normal;}\n#catapult-cookie-bar {font-size: 0.85em;}\n#content table, #content tr td {text-align: center!important;}\n #content tr td {padding:  2%;}\n.tablepress tfoot th, .tablepress thead th {background-color: #0B93B4;}\n#content tr th, #content thead th {color: #fff;}\n.column-1, .column-2, .column-3, .column-4 {border-right: 1px solid #eee!important;}\n.tablepress tbody td {vertical-align: middle;}\n.ifcontainer {display: none;}\nbody {background: transparent url(\"..\/wp-content\/uploads\/2015\/04\/plaza.jpg\") top no-repeat!important; background-attachment: fixed!important;}\n#et-slider-wrapper {background: transparent!important;}\n#content, #top-area, #footer-bottom {background: transparent!important;}\n#content {border-top: none; border-bottom: none; padding: 35px 0 0;}\n#breadcrumbs-wrapper, .page-title-area {display: none;}\n.entry {background-color: rgba(255,255,255,1);}\np#copyright {text-align: center;}\n.fullwidth #left-area {margin-right: 0;}\n.column-1, .column-2, .column-3, .column-4 {border: 1px solid #ABABAB !important;}\n#content tr th {text-align: center !important;}\n@media only screen and ( max-width: 767px ) {\n.entry h2.title, .entry h1.title {font-size: 32px;}\n#mobile_menu {left: -85px;}\n.mobile_nav {color: #0B93B4; font-size: 32px; margin-bottom: 25px;}\n#et-slider-wrapper {height: 400px;}\n.et-slide .description {padding-top: 50px;}\n}\n<\/style>\n<!-- Easy FancyBox 1.5.7 using FancyBox 1.3.7 - RavanH (http:\/\/status301.net\/wordpress-plugins\/easy-fancybox\/) -->\n<script type=\"text\/javascript\">\n\/* <![CDATA[ *\/\nvar fb_timeout = null;\nvar fb_opts = { 'overlayShow' : true, 'hideOnOverlayClick' : true, 'showCloseButton' : true, 'centerOnScroll' : true, 'enableEscapeButton' : true, 'autoScale' : true };\nvar easy_fancybox_handler = function(){\n\t\/* IMG *\/\n\tvar fb_IMG_select = 'a[href*=\".jpg\"]:not(.nofancybox,.pin-it-button), area[href*=\".jpg\"]:not(.nofancybox), a[href*=\".jpeg\"]:not(.nofancybox,.pin-it-button), area[href*=\".jpeg\"]:not(.nofancybox), a[href*=\".png\"]:not(.nofancybox,.pin-it-button), area[href*=\".png\"]:not(.nofancybox)';\n\tjQuery(fb_IMG_select).addClass('fancybox image');\n\tvar fb_IMG_sections = jQuery('div.gallery ');\n\tfb_IMG_sections.each(function() { jQuery(this).find(fb_IMG_select).attr('rel', 'gallery-' + fb_IMG_sections.index(this)); });\n\tjQuery('a.fancybox, area.fancybox, li.fancybox a:not(li.nofancybox a)').fancybox( jQuery.extend({}, fb_opts, { 'transitionIn' : 'elastic', 'easingIn' : 'easeOutBack', 'transitionOut' : 'elastic', 'easingOut' : 'easeInBack', 'opacity' : false, 'hideOnContentClick' : false, 'titleShow' : true, 'titlePosition' : 'over', 'titleFromAlt' : true, 'showNavArrows' : true, 'enableKeyboardNav' : true, 'cyclic' : false }) );\n\t\/* Auto-click *\/ \n\tjQuery('#fancybox-auto').trigger('click');\n}\n\/* ]]> *\/\n<\/script>\n\n\n\t\t<header id=\"main-header\">\n\t\t<div id=\"top-area\">\n\t\t\t<div class=\"top-content container clearfix\">\n\t\t\t\t\t\t\t\t\n\n\t<\/div><\/div><\/header> <!-- #main-header -->\n<div id=\"content\">\n\t<div class=\"container clearfix fullwidth\">\n\t\t<div id=\"left-area\">\n\n\t\t\t\n\t\t\t\t\n<article id=\"post-17\" class=\"clearfix entry entry-content post-17 page type-page status-publish hentry\">\n\t<h1 class=\"title\">Kontakt<\/h1>\n\n\n<div class=\"one_half\">\n\t\t\t\t\t<p>APARTAMENTY w ARKA MEDICAL SPA****<\/p>\n<p>Ul. Su\u0142kowskiego 11A<\/p>\n<p>78-100 Ko\u0142obrzeg<\/p>\n<p>Tel. +48 668 023 045<\/p>\n<p>e-mail: jolmar2014@wp.pl<\/p>\n<p>www.arkamedical.pl<\/p>\n<\/div>\n<div class=\"one_half last\">\n\t\t\t\t\t<p><iframe src=\"https:\/\/www.google.com\/maps\/embed?pb=!1m18!1m12!1m3!1d1167.2363833285494!2d15.606719586793867!3d54.189412697508395!2m3!1f0!2f0!3f0!3m2!1i1024!2i768!4f13.1!3m3!1m2!1s0x47003e1f452be805%3A0xe1dcfe2efd573ec1!2sSu%C5%82kowskiego%2011a%2C%2078-100%20Ko%C5%82obrzeg!5e0!3m2!1sen!2spl!4v1654684207758!5m2!1sen!2spl\" width=\"600\" height=\"450\" style=\"border:0;\" allowfullscreen=\"\" loading=\"lazy\" referrerpolicy=\"no-referrer-when-downgrade\"><\/iframe><\/p>\n\t\t\t\t<\/div><div class=\"clear\"><\/div>\n<\/article> <!-- end .post-->\n\t\t\t\t\n\t\t\t\n\t\t<\/div> <!-- end #left-area -->\n\t<\/div> <!-- .container -->\n<\/div> <!-- #content -->\n\n\t\n\t<div id=\"footer-bottom\">\n\t\t<div class=\"container clearfix\">\n\t\t\t<p id=\"copyright\">Apartamenty Arka Medical SPA w Ko\u0142obrzegu 2024 \u00a9 <\/p>\n\t\t<\/div> <!-- end .container -->\n\t<\/div> <!-- end #footer-bottom -->\n\n\t\t<script type=\"text\/javascript\">\n\t\tjQuery(document).ready(function(){\n\t\t\tif(!catapultReadCookie(\"catAccCookies\")){\/\/If the cookie has not been set\n\t\t\t\tjQuery(\"#catapult-cookie-bar\").show();\n\t\t\t\t\t\t\t}\n\t\t});\n\t<\/script>\n<script type=\"text\/javascript\" src=\"..\/wp-content\/plugins\/uk-cookie-consent\/js\/uk-cookie-consent-js4b1d.js?ver=1.8\"><\/script>\n<script type=\"text\/javascript\" src=\"..\/wp-includes\/js\/comment-reply.min000c.js?ver=8b8354634dde959f859a542b906c619b\"><\/script>\n<script type=\"text\/javascript\" src=\"..\/wp-content\/themes\/Fusion\/js\/superfish5152.js?ver=1.0\"><\/script>\n<script type=\"text\/javascript\">\n\/* <![CDATA[ *\/\nvar et_custom = {\"mobile_nav_text\":\"Menu\"};\n\/* ]]> *\/\n<\/script>\n<script type=\"text\/javascript\" src=\"..\/wp-content\/themes\/Fusion\/js\/custom5152.js?ver=1.0\"><\/script>\n<script type=\"text\/javascript\" src=\"..\/wp-content\/themes\/Fusion\/epanel\/page_templates\/js\/fancybox\/jquery.easing-1.3.packc412.js?ver=1.3.4\"><\/script>\n<script type=\"text\/javascript\" src=\"..\/wp-content\/plugins\/easy-fancybox\/fancybox\/jquery.fancybox-1.3.7.min00e2.js?ver=1.5.7\"><\/script>\n<script type=\"text\/javascript\" src=\"..\/wp-content\/plugins\/easy-fancybox\/jquery.easing.pack4e44.js?ver=1.3\"><\/script>\n<script type=\"text\/javascript\" src=\"..\/wp-content\/plugins\/easy-fancybox\/jquery.mousewheel.min4830.js?ver=3.1.12\"><\/script>\n\n<script type=\"text\/javascript\">\njQuery(document).on('ready post-load', easy_fancybox_handler );\n<\/script>\n<div id=\"catapult-cookie-bar\">Strona wykorzystuje pliki cookies. Korzystaj\u0105c ze strony wyra\u017casz zgod\u0119 na wykorzystanie plik\u00f3w cookies w zakresie odpowiadaj\u0105cym konfiguracji Twojej przegl\u0105darki<button id=\"catapultCookie\" tabindex=\"1\" onclick=\"catapultAcceptCookies();\">OK<\/button><a tabindex=\"1\" href=\"..\/polityka-cookies\/index.html\">wi\u0119cej<\/a><\/div>\n","protected":false},"excerpt":{"rendered":"<p>Kontakt | Arka Medical Kontakt APARTAMENTY w ARKA MEDICAL SPA**** Ul. Su\u0142kowskiego 11A 78-100 Ko\u0142obrzeg Tel. +48 668 023 045 e-mail: jolmar2014@wp.pl www.arkamedical.pl Apartamenty Arka Medical SPA w Ko\u0142obrzegu 2024 \u00a9 Strona wykorzystuje pliki cookies. Korzystaj\u0105c ze strony wyra\u017casz zgod\u0119 na wykorzystanie plik\u00f3w cookies w zakresie odpowiadaj\u0105cym konfiguracji Twojej przegl\u0105darkiOKwi\u0119cej<\/p>\n","protected":false},"author":1,"featured_media":0,"parent":0,"menu_order":0,"comment_status":"closed","ping_status":"closed","template":"","meta":{"inspiro_hide_title":false,"footnotes":""},"class_list":["post-8","page","type-page","status-publish","hentry"],"_links":{"self":[{"href":"https:\/\/arkamedical.pl\/index.php\/wp-json\/wp\/v2\/pages\/8","targetHints":{"allow":["GET"]}}],"collection":[{"href":"https:\/\/arkamedical.pl\/index.php\/wp-json\/wp\/v2\/pages"}],"about":[{"href":"https:\/\/arkamedical.pl\/index.php\/wp-json\/wp\/v2\/types\/page"}],"author":[{"embeddable":true,"href":"https:\/\/arkamedical.pl\/index.php\/wp-json\/wp\/v2\/users\/1"}],"replies":[{"embeddable":true,"href":"https:\/\/arkamedical.pl\/index.php\/wp-json\/wp\/v2\/comments?post=8"}],"version-history":[{"count":16,"href":"https:\/\/arkamedical.pl\/index.php\/wp-json\/wp\/v2\/pages\/8\/revisions"}],"predecessor-version":[{"id":137,"href":"https:\/\/arkamedical.pl\/index.php\/wp-json\/wp\/v2\/pages\/8\/revisions\/137"}],"wp:attachment":[{"href":"https:\/\/arkamedical.pl\/index.php\/wp-json\/wp\/v2\/media?parent=8"}],"curies":[{"name":"wp","href":"https:\/\/api.w.org\/{rel}","templated":true}]}}